{"id":85,"date":"2017-01-19T10:47:32","date_gmt":"2017-01-19T10:47:32","guid":{"rendered":"https:\/\/ijpucnikwordpress.wordpress.com\/?page_id=85"},"modified":"2017-01-19T10:47:32","modified_gmt":"2017-01-19T10:47:32","slug":"publikacije","status":"publish","type":"page","link":"https:\/\/institutpucnik.si\/?page_id=85","title":{"rendered":"Publikacije"},"content":{"rendered":"<p>In\u0161titut dr. Jo\u017eeta Pu\u010dnika je izdal naslednje publikacije:<\/p>\n<p style=\"text-align:center;\"><strong>Jo\u017ee Pu\u010dnik; Kultura, dru\u017eba, tehnologija<\/strong><\/p>\n<p style=\"text-align:center;\">In\u0161titut dr. Jo\u017eeta Pu\u010dnika, 2008, Ljubljana<\/p>\n<p><img loading=\"lazy\" decoding=\"async\" class=\" size-full wp-image-88 aligncenter\" src=\"https:\/\/ijpucnikwordpress.files.wordpress.com\/2017\/01\/kultura-druc5beba-tehnologija.jpg\" alt=\"kultura-druzba-tehnologija\" width=\"350\" height=\"500\" \/><\/p>\n<p style=\"text-align:center;\">Knjiga Kultura, dru\u017eba in tehnologija je na znanstveno teoretskem podro\u010dju \u017eivljenjsko delo dr. Jo\u017eeta Pu\u010dnika. Pojem kulture avtor v tej knjigi \u0161iri na celostnost struktur in \u010dlove\u0161kega razvoja v \u010dasu, v katerem \u017eivimo. Dru\u017eba je zanj samo institucionalizirani del pojavnih razse\u017enosti kulture, tehnologija pa urejanje in preurejanje na\u0161ega \u017eivljenja v kulturi. Predpogoj, da se dru\u017eba sploh odpre kulturi v naj\u0161ir\u0161em pomenu besede, pa je odpravljanje vseh fundamentalizmov in njihovih posledic.<\/p>\n<p style=\"text-align:center;\">\n","protected":false},"excerpt":{"rendered":"<p>In\u0161titut dr. Jo\u017eeta Pu\u010dnika je izdal naslednje publikacije: Jo\u017ee Pu\u010dnik; Kultura, dru\u017eba, tehnologija In\u0161titut dr. Jo\u017eeta Pu\u010dnika, 2008, Ljubljana Knjiga Kultura, dru\u017eba in tehnologija je na znanstveno teoretskem podro\u010dju \u017eivljenjsko delo dr. Jo\u017eeta Pu\u010dnika. Pojem&hellip; <a href=\"https:\/\/institutpucnik.si\/?page_id=85\">More<\/a><\/p>\n","protected":false},"author":2,"featured_media":0,"parent":0,"menu_order":0,"comment_status":"closed","ping_status":"closed","template":"","meta":{"footnotes":""},"_links":{"self":[{"href":"https:\/\/institutpucnik.si\/index.php?rest_route=\/wp\/v2\/pages\/85"}],"collection":[{"href":"https:\/\/institutpucnik.si\/index.php?rest_route=\/wp\/v2\/pages"}],"about":[{"href":"https:\/\/institutpucnik.si\/index.php?rest_route=\/wp\/v2\/types\/page"}],"author":[{"embeddable":true,"href":"https:\/\/institutpucnik.si\/index.php?rest_route=\/wp\/v2\/users\/2"}],"replies":[{"embeddable":true,"href":"https:\/\/institutpucnik.si\/index.php?rest_route=%2Fwp%2Fv2%2Fcomments&post=85"}],"version-history":[{"count":1,"href":"https:\/\/institutpucnik.si\/index.php?rest_route=\/wp\/v2\/pages\/85\/revisions"}],"predecessor-version":[{"id":283,"href":"https:\/\/institutpucnik.si\/index.php?rest_route=\/wp\/v2\/pages\/85\/revisions\/283"}],"wp:attachment":[{"href":"https:\/\/institutpucnik.si\/index.php?rest_route=%2Fwp%2Fv2%2Fmedia&parent=85"}],"curies":[{"name":"wp","href":"https:\/\/api.w.org\/{rel}","templated":true}]}}