{"id":350,"date":"2018-03-28T09:51:48","date_gmt":"2018-03-28T09:51:48","guid":{"rendered":"http:\/\/institutpucnik.si\/?page_id=350"},"modified":"2018-03-28T10:02:14","modified_gmt":"2018-03-28T10:02:14","slug":"refleksije","status":"publish","type":"page","link":"https:\/\/institutpucnik.si\/?page_id=350","title":{"rendered":"Refleksije"},"content":{"rendered":"<p>Na spletni strani In\u0161tituta dr. Jo\u017eeta Pu\u010dnika \u017eelimo z objavo poglobljenih razmi\u0161ljanj prispevati k bolj\u0161emu razumevanju slovenske dru\u017ebe, mednarodnih odnosov ter politi\u010dnih situacij doma in po svetu.<\/p>\n<p>&nbsp;<\/p>\n","protected":false},"excerpt":{"rendered":"<p>Na spletni strani In\u0161tituta dr. Jo\u017eeta Pu\u010dnika \u017eelimo z objavo poglobljenih razmi\u0161ljanj prispevati k bolj\u0161emu razumevanju slovenske dru\u017ebe, mednarodnih odnosov ter politi\u010dnih situacij doma in po svetu. &nbsp;<\/p>\n","protected":false},"author":1,"featured_media":0,"parent":0,"menu_order":0,"comment_status":"closed","ping_status":"closed","template":"","meta":{"footnotes":""},"_links":{"self":[{"href":"https:\/\/institutpucnik.si\/index.php?rest_route=\/wp\/v2\/pages\/350"}],"collection":[{"href":"https:\/\/institutpucnik.si\/index.php?rest_route=\/wp\/v2\/pages"}],"about":[{"href":"https:\/\/institutpucnik.si\/index.php?rest_route=\/wp\/v2\/types\/page"}],"author":[{"embeddable":true,"href":"https:\/\/institutpucnik.si\/index.php?rest_route=\/wp\/v2\/users\/1"}],"replies":[{"embeddable":true,"href":"https:\/\/institutpucnik.si\/index.php?rest_route=%2Fwp%2Fv2%2Fcomments&post=350"}],"version-history":[{"count":3,"href":"https:\/\/institutpucnik.si\/index.php?rest_route=\/wp\/v2\/pages\/350\/revisions"}],"predecessor-version":[{"id":355,"href":"https:\/\/institutpucnik.si\/index.php?rest_route=\/wp\/v2\/pages\/350\/revisions\/355"}],"wp:attachment":[{"href":"https:\/\/institutpucnik.si\/index.php?rest_route=%2Fwp%2Fv2%2Fmedia&parent=350"}],"curies":[{"name":"wp","href":"https:\/\/api.w.org\/{rel}","templated":true}]}}