{"id":327,"date":"2018-03-21T19:05:39","date_gmt":"2018-03-21T19:05:39","guid":{"rendered":"http:\/\/institutpucnik.si\/?page_id=327"},"modified":"2018-03-21T19:05:39","modified_gmt":"2018-03-21T19:05:39","slug":"dusan-s-lajovic","status":"publish","type":"page","link":"https:\/\/institutpucnik.si\/?page_id=327","title":{"rendered":"Du\u0161an S. Lajovic"},"content":{"rendered":"<p>Pu\u010dnikova plaketa je namenjena tistim izjemnim posameznikom, ki s svojim javnim delovanjem, bodisi v politiki bodisi na drugih dru\u017ebenih podro\u010djih (znanost, mediji, civilna dru\u017eba), pomembno prispevajo k krepitvi demokrati\u010dnih standardov in rasti demokrati\u010dne politi\u010dne kulture v Sloveniji.<\/p>\n<p><img loading=\"lazy\" decoding=\"async\" class=\"alignnone size-full wp-image-329\" src=\"https:\/\/institutpucnik.si\/wp-content\/uploads\/2018\/03\/Pu\u010dnikov-simpozij_20180316_17.jpg\" alt=\"\" width=\"1920\" height=\"1280\" srcset=\"https:\/\/institutpucnik.si\/wp-content\/uploads\/2018\/03\/Pu\u010dnikov-simpozij_20180316_17.jpg 1920w, https:\/\/institutpucnik.si\/wp-content\/uploads\/2018\/03\/Pu\u010dnikov-simpozij_20180316_17-1536x1024.jpg 1536w, https:\/\/institutpucnik.si\/wp-content\/uploads\/2018\/03\/Pu\u010dnikov-simpozij_20180316_17-300x200.jpg 300w, https:\/\/institutpucnik.si\/wp-content\/uploads\/2018\/03\/Pu\u010dnikov-simpozij_20180316_17-768x512.jpg 768w, https:\/\/institutpucnik.si\/wp-content\/uploads\/2018\/03\/Pu\u010dnikov-simpozij_20180316_17-1024x683.jpg 1024w, https:\/\/institutpucnik.si\/wp-content\/uploads\/2018\/03\/Pu\u010dnikov-simpozij_20180316_17-940x627.jpg 940w, https:\/\/institutpucnik.si\/wp-content\/uploads\/2018\/03\/Pu\u010dnikov-simpozij_20180316_17-600x400.jpg 600w\" sizes=\"(max-width: 1920px) 100vw, 1920px\" \/><\/p>\n<p>Na\u0161 leto\u0161nji nagrajenec, g. Du\u0161an Lajovic, nedvomno sodi v to kategorijo. Gre za podjetnika, poslovne\u017ea, diplomata in ne nazadnje intelektualca, avtorja knjige <em>Med svobodo in rde\u010do zvezdo<\/em>, ki je v Sloveniji postal najbolj znan kot \u00bbavtor\u00ab \u00bbrazvpite\u00ab spletne strani udba.net. Predvsem pa gre za velikega demokrata in domoljuba, ki navkljub temu, da je velik del svojega \u017eivljenja pre\u017eivel v tujini, nikoli ni opustil svoje pripadnosti slovenskemu narodnemu telesu. Tako je leta 1992 postal \u010dastni konzul Slovenije na Novi Zelandiji, leta 1997 pa\u00a0 \u010dastni generalni konzul za Novo Zelandijo \u2013 to funkcijo je opravljal do leta 2003. Leta 2005 mu je bil\u00a0 \u2013 ob njegovi 80-letnici \u2013 podeljen zlati red \u00bb<em>za zasluge pri povezovanju in ohranjanju slovenske skupnosti v Avstraliji in Novi Zelandiji, pri osamosvojitvi Republike Slovenije, mednarodnem priznanju ter gospodarskih povezavah Slovenije s svetom na diplomatskem mednarodnem podro\u010dju<\/em>\u00ab.<\/p>\n<p><img loading=\"lazy\" decoding=\"async\" class=\"alignnone size-full wp-image-322\" src=\"https:\/\/institutpucnik.si\/wp-content\/uploads\/2018\/03\/Pu\u010dnikov-simpozij_20180316_16.jpg\" alt=\"\" width=\"1920\" height=\"1280\" srcset=\"https:\/\/institutpucnik.si\/wp-content\/uploads\/2018\/03\/Pu\u010dnikov-simpozij_20180316_16.jpg 1920w, https:\/\/institutpucnik.si\/wp-content\/uploads\/2018\/03\/Pu\u010dnikov-simpozij_20180316_16-1536x1024.jpg 1536w, https:\/\/institutpucnik.si\/wp-content\/uploads\/2018\/03\/Pu\u010dnikov-simpozij_20180316_16-300x200.jpg 300w, https:\/\/institutpucnik.si\/wp-content\/uploads\/2018\/03\/Pu\u010dnikov-simpozij_20180316_16-768x512.jpg 768w, https:\/\/institutpucnik.si\/wp-content\/uploads\/2018\/03\/Pu\u010dnikov-simpozij_20180316_16-1024x683.jpg 1024w, https:\/\/institutpucnik.si\/wp-content\/uploads\/2018\/03\/Pu\u010dnikov-simpozij_20180316_16-940x627.jpg 940w, https:\/\/institutpucnik.si\/wp-content\/uploads\/2018\/03\/Pu\u010dnikov-simpozij_20180316_16-600x400.jpg 600w\" sizes=\"(max-width: 1920px) 100vw, 1920px\" \/><\/p>\n<p>Leto\u0161njega nagrajenca je zaznamovala tragi\u010dna usoda njega in njegove dru\u017eine (ki je bila prisiljena v eksil). Dru\u017eina Lajovic je bila del najbolj izobra\u017eenega in podjetnega sloja slovenske dru\u017ebe in kot tak\u0161na gonilna sila njenega ekonomskega in sicer\u0161njega razvoja. Ravno zato pa je bila &#8216;trn v peti&#8217; komunisti\u010dnim oblastnikom in gro\u017enja njihovim na\u010drtom po izgradnji nove &#8216;brezrazredne&#8217; dru\u017ebe, kar pa je v dejanskosti pomenilo vzpostavitev zatiralskega re\u017eima,\u00a0 ki je sistemati\u010dno omejeval svobodo in kr\u0161il pravice dr\u017eavljanov, poleg tega pa povzro\u010dil razvojno zaostajanje slovenske dru\u017ebe. Ostanki tega re\u017eima pa imajo tudi po formalnem sistemskem prehodu \u0161e vedno zelo veliko dru\u017ebeno te\u017eo, kar predstavlja glavno oviro pri dokon\u010danju t.i. tranzicije, tj. pri vzpostavitvi delujo\u010dega sistema zahodnega tipa.<\/p>\n<p><img loading=\"lazy\" decoding=\"async\" class=\"alignnone size-full wp-image-323\" src=\"https:\/\/institutpucnik.si\/wp-content\/uploads\/2018\/03\/Pu\u010dnikov-simpozij_20180316_19.jpg\" alt=\"\" width=\"1920\" height=\"1280\" srcset=\"https:\/\/institutpucnik.si\/wp-content\/uploads\/2018\/03\/Pu\u010dnikov-simpozij_20180316_19.jpg 1920w, https:\/\/institutpucnik.si\/wp-content\/uploads\/2018\/03\/Pu\u010dnikov-simpozij_20180316_19-1536x1024.jpg 1536w, https:\/\/institutpucnik.si\/wp-content\/uploads\/2018\/03\/Pu\u010dnikov-simpozij_20180316_19-300x200.jpg 300w, https:\/\/institutpucnik.si\/wp-content\/uploads\/2018\/03\/Pu\u010dnikov-simpozij_20180316_19-768x512.jpg 768w, https:\/\/institutpucnik.si\/wp-content\/uploads\/2018\/03\/Pu\u010dnikov-simpozij_20180316_19-1024x683.jpg 1024w, https:\/\/institutpucnik.si\/wp-content\/uploads\/2018\/03\/Pu\u010dnikov-simpozij_20180316_19-940x627.jpg 940w, https:\/\/institutpucnik.si\/wp-content\/uploads\/2018\/03\/Pu\u010dnikov-simpozij_20180316_19-600x400.jpg 600w\" sizes=\"(max-width: 1920px) 100vw, 1920px\" \/><\/p>\n<p>Lajovic je velik del svoje \u017eivljenjske energije vlo\u017eil v sistemati\u010dno razgaljanje dejanskega zna\u010daja biv\u0161ega komunisti\u010dnega re\u017eima in njegovih nosilcev, ki so si kasneje nadeli maske demokratov, a svojega karakterja niso spremenili \u2013 dejansko \u0161e vedno delujejo na na\u010din, ki z vrednotami evropske civilizacije nima kaj dosti skupnega. Tako lahko z gotovostjo re\u010dem, da gre na\u0161a nagrada tudi letos v prave roke!<\/p>\n<p><em>(Nagovor dr. Matev\u017ea Tom\u0161i\u010da, predsednika Akademskega sveta IJP)<\/em><\/p>\n","protected":false},"excerpt":{"rendered":"<p>Pu\u010dnikova plaketa je namenjena tistim izjemnim posameznikom, ki s svojim javnim delovanjem, bodisi v politiki bodisi na drugih dru\u017ebenih podro\u010djih (znanost, mediji, civilna dru\u017eba), pomembno prispevajo k krepitvi demokrati\u010dnih standardov in rasti demokrati\u010dne politi\u010dne kulture&hellip; <a href=\"https:\/\/institutpucnik.si\/?page_id=327\">More<\/a><\/p>\n","protected":false},"author":1,"featured_media":0,"parent":104,"menu_order":0,"comment_status":"closed","ping_status":"closed","template":"","meta":{"footnotes":""},"_links":{"self":[{"href":"https:\/\/institutpucnik.si\/index.php?rest_route=\/wp\/v2\/pages\/327"}],"collection":[{"href":"https:\/\/institutpucnik.si\/index.php?rest_route=\/wp\/v2\/pages"}],"about":[{"href":"https:\/\/institutpucnik.si\/index.php?rest_route=\/wp\/v2\/types\/page"}],"author":[{"embeddable":true,"href":"https:\/\/institutpucnik.si\/index.php?rest_route=\/wp\/v2\/users\/1"}],"replies":[{"embeddable":true,"href":"https:\/\/institutpucnik.si\/index.php?rest_route=%2Fwp%2Fv2%2Fcomments&post=327"}],"version-history":[{"count":3,"href":"https:\/\/institutpucnik.si\/index.php?rest_route=\/wp\/v2\/pages\/327\/revisions"}],"predecessor-version":[{"id":332,"href":"https:\/\/institutpucnik.si\/index.php?rest_route=\/wp\/v2\/pages\/327\/revisions\/332"}],"up":[{"embeddable":true,"href":"https:\/\/institutpucnik.si\/index.php?rest_route=\/wp\/v2\/pages\/104"}],"wp:attachment":[{"href":"https:\/\/institutpucnik.si\/index.php?rest_route=%2Fwp%2Fv2%2Fmedia&parent=327"}],"curies":[{"name":"wp","href":"https:\/\/api.w.org\/{rel}","templated":true}]}}